{"id":2835,"date":"2023-01-28T19:40:22","date_gmt":"2023-01-29T00:40:22","guid":{"rendered":"https:\/\/fontumi.co\/web\/?page_id=2835"},"modified":"2025-10-08T16:28:57","modified_gmt":"2025-10-08T21:28:57","slug":"fontumi-soluciones","status":"publish","type":"page","link":"https:\/\/fontumi.co\/web\/fontumi-soluciones\/","title":{"rendered":"Fontumi Soluciones"},"content":{"rendered":"\t\t<div data-elementor-type=\"wp-page\" data-elementor-id=\"2835\" class=\"elementor elementor-2835\">\n\t\t\t\t\t\t<section class=\"elementor-section elementor-top-section elementor-element elementor-element-a7fac8a elementor-section-boxed elementor-section-height-default elementor-section-height-default sc_fly_static\" data-id=\"a7fac8a\" data-element_type=\"section\" data-e-type=\"section\">\n\t\t\t\t\t\t<div class=\"elementor-container elementor-column-gap-extended\">\n\t\t\t\t\t<div class=\"elementor-column elementor-col-100 elementor-top-column elementor-element elementor-element-262a487 sc_content_align_inherit sc_layouts_column_icons_position_left sc_fly_static\" data-id=\"262a487\" data-element_type=\"column\" data-e-type=\"column\">\n\t\t\t<div class=\"elementor-widget-wrap elementor-element-populated\">\n\t\t\t\t\t\t<div class=\"elementor-element elementor-element-728194b sc_height_tiny sc_fly_static elementor-widget elementor-widget-spacer\" data-id=\"728194b\" data-element_type=\"widget\" data-e-type=\"widget\" data-widget_type=\"spacer.default\">\n\t\t\t\t\t\t\t<div class=\"elementor-spacer\">\n\t\t\t<div class=\"elementor-spacer-inner\"><\/div>\n\t\t<\/div>\n\t\t\t\t\t\t<\/div>\n\t\t\t\t<div class=\"elementor-element elementor-element-574f6a1 sc_layouts_hide_on_mobile sc_layouts_hide_on_notebook sc_layouts_hide_on_tablet sc_fly_static elementor-widget elementor-widget-spacer\" data-id=\"574f6a1\" data-element_type=\"widget\" data-e-type=\"widget\" data-widget_type=\"spacer.default\">\n\t\t\t\t\t\t\t<div class=\"elementor-spacer\">\n\t\t\t<div class=\"elementor-spacer-inner\"><\/div>\n\t\t<\/div>\n\t\t\t\t\t\t<\/div>\n\t\t\t\t<div data-animation-type=\"sequental\" data-animation-stagger=\"\" class=\"elementor-element elementor-element-1c951f84 animation_type_sequental sc_fly_static elementor-invisible elementor-widget elementor-widget-trx_sc_icons\" data-id=\"1c951f84\" data-element_type=\"widget\" data-e-type=\"widget\" data-settings=\"{&quot;_animation&quot;:&quot;ann-fadein&quot;,&quot;_animation_delay&quot;:200}\" data-widget_type=\"trx_sc_icons.default\">\n\t\t\t\t<div class=\"elementor-widget-container\">\n\t\t\t\t\t<div \tclass=\"sc_icons color_style_link2 sc_icons_light sc_icons_size_medium sc_align_right\" ><div class=\"sc_icons_columns_wrap sc_item_columns trx_addons_columns_wrap columns_padding_bottom columns_in_single_row\" ><div class=\"trx_addons_column-1_2 trx_addons_column-1_2-tablet\"><div class=\"sc_icons_item\"><div class=\"sc_icons_icon sc_icon_type_svg sc_icon_animation\" style=\"color: #FFFFFF\" ><svg version=\"1.1\" id=\"Capa_1\" x=\"0px\" y=\"0px\" \t viewBox=\"0 0 473.806 473.806\" style=\"enable-background:new 0 0 473.806 473.806;\" xml:space=\"preserve\"> <g> \t<g> \t\t<path d=\"M374.456,293.506c-9.7-10.1-21.4-15.5-33.8-15.5c-12.3,0-24.1,5.3-34.2,15.4l-31.6,31.5c-2.6-1.4-5.2-2.7-7.7-4 \t\t\tc-3.6-1.8-7-3.5-9.9-5.3c-29.6-18.8-56.5-43.3-82.3-75c-12.5-15.8-20.9-29.1-27-42.6c8.2-7.5,15.8-15.3,23.2-22.8 \t\t\tc2.8-2.8,5.6-5.7,8.4-8.5c21-21,21-48.2,0-69.2l-27.3-27.3c-3.1-3.1-6.3-6.3-9.3-9.5c-6-6.2-12.3-12.6-18.8-18.6 \t\t\tc-9.7-9.6-21.3-14.7-33.5-14.7s-24,5.1-34,14.7c-0.1,0.1-0.1,0.1-0.2,0.2l-34,34.3c-12.8,12.8-20.1,28.4-21.7,46.5 \t\t\tc-2.4,29.2,6.2,56.4,12.8,74.2c16.2,43.7,40.4,84.2,76.5,127.6c43.8,52.3,96.5,93.6,156.7,122.7c23,10.9,53.7,23.8,88,26 \t\t\tc2.1,0.1,4.3,0.2,6.3,0.2c23.1,0,42.5-8.3,57.7-24.8c0.1-0.2,0.3-0.3,0.4-0.5c5.2-6.3,11.2-12,17.5-18.1c4.3-4.1,8.7-8.4,13-12.9 \t\t\tc9.9-10.3,15.1-22.3,15.1-34.6c0-12.4-5.3-24.3-15.4-34.3L374.456,293.506z M410.256,398.806 \t\t\tC410.156,398.806,410.156,398.906,410.256,398.806c-3.9,4.2-7.9,8-12.2,12.2c-6.5,6.2-13.1,12.7-19.3,20 \t\t\tc-10.1,10.8-22,15.9-37.6,15.9c-1.5,0-3.1,0-4.6-0.1c-29.7-1.9-57.3-13.5-78-23.4c-56.6-27.4-106.3-66.3-147.6-115.6 \t\t\tc-34.1-41.1-56.9-79.1-72-119.9c-9.3-24.9-12.7-44.3-11.2-62.6c1-11.7,5.5-21.4,13.8-29.7l34.1-34.1c4.9-4.6,10.1-7.1,15.2-7.1 \t\t\tc6.3,0,11.4,3.8,14.6,7c0.1,0.1,0.2,0.2,0.3,0.3c6.1,5.7,11.9,11.6,18,17.9c3.1,3.2,6.3,6.4,9.5,9.7l27.3,27.3 \t\t\tc10.6,10.6,10.6,20.4,0,31c-2.9,2.9-5.7,5.8-8.6,8.6c-8.4,8.6-16.4,16.6-25.1,24.4c-0.2,0.2-0.4,0.3-0.5,0.5 \t\t\tc-8.6,8.6-7,17-5.2,22.7c0.1,0.3,0.2,0.6,0.3,0.9c7.1,17.2,17.1,33.4,32.3,52.7l0.1,0.1c27.6,34,56.7,60.5,88.8,80.8 \t\t\tc4.1,2.6,8.3,4.7,12.3,6.7c3.6,1.8,7,3.5,9.9,5.3c0.4,0.2,0.8,0.5,1.2,0.7c3.4,1.7,6.6,2.5,9.9,2.5c8.3,0,13.5-5.2,15.2-6.9 \t\t\tl34.2-34.2c3.4-3.4,8.8-7.5,15.1-7.5c6.2,0,11.3,3.9,14.4,7.3c0.1,0.1,0.1,0.1,0.2,0.2l55.1,55.1 \t\t\tC420.456,377.706,420.456,388.206,410.256,398.806z\"\/> \t\t<path d=\"M256.056,112.706c26.2,4.4,50,16.8,69,35.8s31.3,42.8,35.8,69c1.1,6.6,6.8,11.2,13.3,11.2c0.8,0,1.5-0.1,2.3-0.2 \t\t\tc7.4-1.2,12.3-8.2,11.1-15.6c-5.4-31.7-20.4-60.6-43.3-83.5s-51.8-37.9-83.5-43.3c-7.4-1.2-14.3,3.7-15.6,11 \t\t\tS248.656,111.506,256.056,112.706z\"\/> \t\t<path d=\"M473.256,209.006c-8.9-52.2-33.5-99.7-71.3-137.5s-85.3-62.4-137.5-71.3c-7.3-1.3-14.2,3.7-15.5,11 \t\t\tc-1.2,7.4,3.7,14.3,11.1,15.6c46.6,7.9,89.1,30,122.9,63.7c33.8,33.8,55.8,76.3,63.7,122.9c1.1,6.6,6.8,11.2,13.3,11.2 \t\t\tc0.8,0,1.5-0.1,2.3-0.2C469.556,223.306,474.556,216.306,473.256,209.006z\"\/> \t<\/g> <\/g> <g> <\/g> <g> <\/g> <g> <\/g> <g> <\/g> <g> <\/g> <g> <\/g> <g> <\/g> <g> <\/g> <g> <\/g> <g> <\/g> <g> <\/g> <g> <\/g> <g> <\/g> <g> <\/g> <g> <\/g> <\/svg><\/div><div class=\"sc_icons_item_details\"><h4 class=\"sc_icons_item_title\" style=\"color:#FFFFFF;\"><span>iAgents IA de voz 100% reales<\/span><\/h4><div class=\"sc_icons_item_description\" style=\"color:#FFFFFF;\"><span>Asistentes de voz inteligentes para automatizar llamadas de atenci\u00f3n, seguimiento o agendamiento. Voicebots integrados con WhatsApp, telefon\u00eda y CRM, con lenguaje natural y acento local.<\/span><\/div><\/div><\/div><\/div><div class=\"trx_addons_column-1_2 trx_addons_column-1_2-tablet\"><div class=\"sc_icons_item sc_icons_item_linked\"><div class=\"sc_icons_icon sc_icon_type_ icon-users-group sc_icon_animation\" style=\"color: #FFFFFF\" ><span class=\"sc_icon_type_ icon-users-group\" style=\"color: #FFFFFF\"><\/span><\/div><div class=\"sc_icons_item_details\"><h4 class=\"sc_icons_item_title\" style=\"color:#FFFFFF;\"><a href=\"https:\/\/fontumi.co\/web\/planes-y-precios\/\">\r\n                                    CRM omniCanal = Telefon\u00eda + Chats + eMail                                    <\/a><\/h4><div class=\"sc_icons_item_description\" style=\"color:#FFFFFF;\"><span>Centraliza en un \u00fanico perfil, llamadas, emails, WhatsApp, redes sociales y chatbot omnicanal para atenci\u00f3n inmediata, todo en la nube con reportes, anal\u00edtica y m\u00e1s.<\/span><span><br><\/span><span>Tiempo implementaci\u00f3n: 5-10 d\u00edas<\/span><span>Nivel madurez digital: Volando<\/span><span>Presupuesto: $$$<\/span><\/div><a href=\"https:\/\/fontumi.co\/web\/planes-y-precios\/\"\r\n                        class=\"sc_icons_item_link\">\r\n                        <\/a><\/div><\/div><\/div><\/div><\/div><!-- \/.sc_icons -->\t\t\t\t<\/div>\n\t\t\t\t<\/div>\n\t\t\t\t<div class=\"elementor-element elementor-element-5e2b314 sc_height_tiny sc_fly_static elementor-widget elementor-widget-spacer\" data-id=\"5e2b314\" data-element_type=\"widget\" data-e-type=\"widget\" data-widget_type=\"spacer.default\">\n\t\t\t\t\t\t\t<div class=\"elementor-spacer\">\n\t\t\t<div class=\"elementor-spacer-inner\"><\/div>\n\t\t<\/div>\n\t\t\t\t\t\t<\/div>\n\t\t\t\t<div class=\"elementor-element elementor-element-c312148 sc_layouts_hide_on_mobile sc_layouts_hide_on_notebook sc_layouts_hide_on_tablet sc_fly_static elementor-widget elementor-widget-spacer\" data-id=\"c312148\" data-element_type=\"widget\" data-e-type=\"widget\" data-widget_type=\"spacer.default\">\n\t\t\t\t\t\t\t<div class=\"elementor-spacer\">\n\t\t\t<div class=\"elementor-spacer-inner\"><\/div>\n\t\t<\/div>\n\t\t\t\t\t\t<\/div>\n\t\t\t\t\t<\/div>\n\t\t<\/div>\n\t\t\t\t\t<\/div>\n\t\t<\/section>\n\t\t\t\t<section class=\"elementor-section elementor-top-section elementor-element elementor-element-36527685 elementor-section-boxed elementor-section-height-default elementor-section-height-default sc_fly_static\" data-id=\"36527685\" data-element_type=\"section\" data-e-type=\"section\">\n\t\t\t\t\t\t<div class=\"elementor-container elementor-column-gap-extended\">\n\t\t\t\t\t<div class=\"elementor-column elementor-col-100 elementor-top-column elementor-element elementor-element-47af3a67 sc_content_align_inherit sc_layouts_column_icons_position_left sc_fly_static\" data-id=\"47af3a67\" data-element_type=\"column\" data-e-type=\"column\">\n\t\t\t<div class=\"elementor-widget-wrap elementor-element-populated\">\n\t\t\t\t\t\t<div data-animation-type=\"block\" class=\"elementor-element elementor-element-1088bae2 animation_type_block sc_fly_static elementor-invisible elementor-widget elementor-widget-trx_sc_title\" data-id=\"1088bae2\" data-element_type=\"widget\" data-e-type=\"widget\" data-settings=\"{&quot;_animation&quot;:&quot;ann-fadein&quot;,&quot;_animation_delay&quot;:200}\" data-widget_type=\"trx_sc_title.default\">\n\t\t\t\t<div class=\"elementor-widget-container\">\n\t\t\t\t\t<div\t\tclass=\"sc_title sc_title_default\" ><span class=\"sc_item_subtitle sc_title_subtitle sc_align_center sc_item_subtitle_above sc_item_title_style_default\"><br><\/span><h2 class=\"sc_item_title sc_title_title sc_align_center sc_item_title_style_default sc_item_title_tag trx_addons_inline_1007617248 sc_typed\"\n\t\t\t><span class=\"sc_item_title_text\">Descubre el poder de las comunicaciones para<BR><span class=\"sc_typed_entry trx_addons_inline_682935702\" data-strings=\"[&quot;CALLCENTER&quot;,&quot;CONTACT CENTER  Y BPO&quot;,&quot;CL\\u00cdNICAS Y HOSPITALES&quot;,&quot;CENTROS ODONTOL\\u00d3GICOS&quot;,&quot;IPS EPS de SALUD&quot;,&quot;CENTRAL DE RESERVAS HOTELERAS&quot;,&quot;INMOBILIARIAS&quot;,&quot;AUTOMOTRIZ&quot;,&quot;ENTIDADES DE GOBIERNO&quot;]\" data-loop=\"1\" data-cursor=\"1\" data-cursor-char=\"_\" data-speed=\"6\" data-delay=\"1\">CALLCENTER<\/span><\/span><\/h2><\/div>\t\t\t\t<\/div>\n\t\t\t\t<\/div>\n\t\t\t\t<div class=\"elementor-element elementor-element-2a2e99a7 sc_fly_static elementor-widget elementor-widget-spacer\" data-id=\"2a2e99a7\" data-element_type=\"widget\" data-e-type=\"widget\" data-widget_type=\"spacer.default\">\n\t\t\t\t\t\t\t<div class=\"elementor-spacer\">\n\t\t\t<div class=\"elementor-spacer-inner\"><\/div>\n\t\t<\/div>\n\t\t\t\t\t\t<\/div>\n\t\t\t\t<div class=\"elementor-element elementor-element-2d59fbf sc_fly_static elementor-widget elementor-widget-spacer\" data-id=\"2d59fbf\" data-element_type=\"widget\" data-e-type=\"widget\" data-widget_type=\"spacer.default\">\n\t\t\t\t\t\t\t<div class=\"elementor-spacer\">\n\t\t\t<div class=\"elementor-spacer-inner\"><\/div>\n\t\t<\/div>\n\t\t\t\t\t\t<\/div>\n\t\t\t\t\t<\/div>\n\t\t<\/div>\n\t\t\t\t\t<\/div>\n\t\t<\/section>\n\t\t<div class=\"elementor-element elementor-element-dc604db e-flex e-con-boxed sc_layouts_column_icons_position_left e-con e-parent\" data-id=\"dc604db\" data-element_type=\"container\" data-e-type=\"container\">\n\t\t\t\t\t<div class=\"e-con-inner\">\n\t\t\t\t\t<\/div>\n\t\t\t\t<\/div>\n\t\t\t\t<\/div>\n\t\t","protected":false},"excerpt":{"rendered":"<p>iAgents IA de voz 100% reales Asistentes de voz inteligentes para automatizar llamadas de atenci\u00f3n, seguimiento o agendamiento. Voicebots integrados con WhatsApp, telefon\u00eda y CRM, con lenguaje natural y acento&hellip;<\/p>\n","protected":false},"author":1,"featured_media":0,"parent":0,"menu_order":0,"comment_status":"closed","ping_status":"closed","template":"","meta":{"footnotes":""},"class_list":["post-2835","page","type-page","status-publish","hentry"],"_links":{"self":[{"href":"https:\/\/fontumi.co\/web\/wp-json\/wp\/v2\/pages\/2835"}],"collection":[{"href":"https:\/\/fontumi.co\/web\/wp-json\/wp\/v2\/pages"}],"about":[{"href":"https:\/\/fontumi.co\/web\/wp-json\/wp\/v2\/types\/page"}],"author":[{"embeddable":true,"href":"https:\/\/fontumi.co\/web\/wp-json\/wp\/v2\/users\/1"}],"replies":[{"embeddable":true,"href":"https:\/\/fontumi.co\/web\/wp-json\/wp\/v2\/comments?post=2835"}],"version-history":[{"count":158,"href":"https:\/\/fontumi.co\/web\/wp-json\/wp\/v2\/pages\/2835\/revisions"}],"predecessor-version":[{"id":17096,"href":"https:\/\/fontumi.co\/web\/wp-json\/wp\/v2\/pages\/2835\/revisions\/17096"}],"wp:attachment":[{"href":"https:\/\/fontumi.co\/web\/wp-json\/wp\/v2\/media?parent=2835"}],"curies":[{"name":"wp","href":"https:\/\/api.w.org\/{rel}","templated":true}]}}